{"id":12,"date":"2020-06-25T08:11:49","date_gmt":"2020-06-25T08:11:49","guid":{"rendered":"https:\/\/themes.muffingroup.com\/be\/business3_el\/?page_id=12"},"modified":"2022-03-30T14:04:30","modified_gmt":"2022-03-30T12:04:30","slug":"about","status":"publish","type":"page","link":"https:\/\/citlak-truckservice.de\/?page_id=12","title":{"rendered":"About"},"content":{"rendered":"\t\t<div data-elementor-type=\"wp-page\" data-elementor-id=\"12\" class=\"elementor elementor-12\">\n\t\t\t\t\t\t<section class=\"elementor-section elementor-top-section elementor-element elementor-element-c6ed732 elementor-section-stretched elementor-section-full_width elementor-section-height-default elementor-section-height-default\" data-id=\"c6ed732\" data-element_type=\"section\" data-settings=\"{&quot;stretch_section&quot;:&quot;section-stretched&quot;,&quot;background_background&quot;:&quot;classic&quot;}\">\n\t\t\t\t\t\t<div class=\"elementor-container elementor-column-gap-no\">\n\t\t\t\t\t<div class=\"elementor-column elementor-col-100 elementor-top-column elementor-element elementor-element-b63b404\" data-id=\"b63b404\" data-element_type=\"column\">\n\t\t\t<div class=\"elementor-widget-wrap elementor-element-populated\">\n\t\t\t\t\t\t<div class=\"elementor-element elementor-element-2cf8e6b elementor-widget elementor-widget-text-editor\" data-id=\"2cf8e6b\" data-element_type=\"widget\" data-widget_type=\"text-editor.default\">\n\t\t\t\t<div class=\"elementor-widget-container\">\n\t\t\t\t\t\t\t<h6 style=\"color: #000;\">\u00dcber uns<\/h6>\n<h1>Ein erfahrenes Team mit viel Erfahrung f\u00fcr Sie!<\/h1>\t\t\t\t\t\t<\/div>\n\t\t\t\t<\/div>\n\t\t\t\t<div class=\"elementor-element elementor-element-7968ef4 elementor-widget elementor-widget-image\" data-id=\"7968ef4\" data-element_type=\"widget\" data-widget_type=\"image.default\">\n\t\t\t\t<div class=\"elementor-widget-container\">\n\t\t\t\t\t\t\t\t\t\t\t\t\t<img fetchpriority=\"high\" decoding=\"async\" width=\"1920\" height=\"698\" src=\"https:\/\/citlak-truckservice.de\/wp-content\/uploads\/2020\/06\/biz3-home-bottom-section-1.png\" class=\"attachment-full size-full wp-image-26\" alt=\"\" srcset=\"https:\/\/citlak-truckservice.de\/wp-content\/uploads\/2020\/06\/biz3-home-bottom-section-1.png 1920w, https:\/\/citlak-truckservice.de\/wp-content\/uploads\/2020\/06\/biz3-home-bottom-section-1-300x109.png 300w, https:\/\/citlak-truckservice.de\/wp-content\/uploads\/2020\/06\/biz3-home-bottom-section-1-1024x372.png 1024w, https:\/\/citlak-truckservice.de\/wp-content\/uploads\/2020\/06\/biz3-home-bottom-section-1-768x279.png 768w, https:\/\/citlak-truckservice.de\/wp-content\/uploads\/2020\/06\/biz3-home-bottom-section-1-1536x558.png 1536w, https:\/\/citlak-truckservice.de\/wp-content\/uploads\/2020\/06\/biz3-home-bottom-section-1-260x95.png 260w, https:\/\/citlak-truckservice.de\/wp-content\/uploads\/2020\/06\/biz3-home-bottom-section-1-50x18.png 50w, https:\/\/citlak-truckservice.de\/wp-content\/uploads\/2020\/06\/biz3-home-bottom-section-1-150x55.png 150w\" sizes=\"(max-width:767px) 480px, (max-width:1920px) 100vw, 1920px\" \/>\t\t\t\t\t\t\t\t\t\t\t\t\t<\/div>\n\t\t\t\t<\/div>\n\t\t\t\t\t<\/div>\n\t\t<\/div>\n\t\t\t\t\t<\/div>\n\t\t<\/section>\n\t\t\t\t<section class=\"elementor-section elementor-top-section elementor-element elementor-element-a627965 elementor-section-stretched elementor-section-boxed elementor-section-height-default elementor-section-height-default\" data-id=\"a627965\" data-element_type=\"section\" data-settings=\"{&quot;stretch_section&quot;:&quot;section-stretched&quot;}\">\n\t\t\t\t\t\t<div class=\"elementor-container elementor-column-gap-wider\">\n\t\t\t\t\t<div class=\"elementor-column elementor-col-100 elementor-top-column elementor-element elementor-element-d55f957\" data-id=\"d55f957\" data-element_type=\"column\">\n\t\t\t<div class=\"elementor-widget-wrap elementor-element-populated\">\n\t\t\t\t\t\t<div class=\"elementor-element elementor-element-843a825 elementor-widget elementor-widget-text-editor\" data-id=\"843a825\" data-element_type=\"widget\" data-widget_type=\"text-editor.default\">\n\t\t\t\t<div class=\"elementor-widget-container\">\n\t\t\t\t\t\t\t<h6><strong>Unser Angebot f\u00fcr Sie<\/strong><\/h6><h1>Ihr LKW-Werkstatt f\u00fcr Nutzfahrzeuge alle Art<\/h1>\t\t\t\t\t\t<\/div>\n\t\t\t\t<\/div>\n\t\t\t\t<div class=\"elementor-element elementor-element-cf8dbe5 elementor-widget elementor-widget-spacer\" data-id=\"cf8dbe5\" data-element_type=\"widget\" data-widget_type=\"spacer.default\">\n\t\t\t\t<div class=\"elementor-widget-container\">\n\t\t\t\t\t<div class=\"elementor-spacer\">\n\t\t\t<div class=\"elementor-spacer-inner\"><\/div>\n\t\t<\/div>\n\t\t\t\t<\/div>\n\t\t\t\t<\/div>\n\t\t\t\t<section class=\"elementor-section elementor-inner-section elementor-element elementor-element-291c0fa elementor-section-boxed elementor-section-height-default elementor-section-height-default\" data-id=\"291c0fa\" data-element_type=\"section\">\n\t\t\t\t\t\t<div class=\"elementor-container elementor-column-gap-default\">\n\t\t\t\t\t<div class=\"elementor-column elementor-col-50 elementor-inner-column elementor-element elementor-element-fed4f0a\" data-id=\"fed4f0a\" data-element_type=\"column\">\n\t\t\t<div class=\"elementor-widget-wrap elementor-element-populated\">\n\t\t\t\t\t\t<div class=\"elementor-element elementor-element-22bd795 elementor-widget elementor-widget-text-editor\" data-id=\"22bd795\" data-element_type=\"widget\" data-widget_type=\"text-editor.default\">\n\t\t\t\t<div class=\"elementor-widget-container\">\n\t\t\t\t\t\t\t<h4><em>Wir f\u00fcr Sie&#8230;.<\/em><\/h4><div class=\"wpb_text_column wpb_content_element description margin-top-0\"><div class=\"wpb_wrapper\"><p>Ihr Nutzfahrzeug ist in unserer LKW-Werkstatt in guten H\u00e4nden. Dank unserer erfahrenen Mechaniker k\u00f6nnen wir ein umfassendes Leistungsangebot pr\u00e4sentieren und finden f\u00fcr nahezu jedes Problem eine passende L\u00f6sung. Modernste technische Ausstattung mit s\u00e4mtlichen notwendigen Diagnoseger\u00e4ten sowie einer umfassenden Software unterst\u00fctzen uns in der Ausf\u00fchrung unserer vielseitigen T\u00e4tigkeiten. Alles aus einer Hand von der Wartung \u00fcber die gesetzlichen Pr\u00fcfungen bis hin zu LKW-Reparaturen.<\/p><\/div><\/div>\t\t\t\t\t\t<\/div>\n\t\t\t\t<\/div>\n\t\t\t\t\t<\/div>\n\t\t<\/div>\n\t\t\t\t<div class=\"elementor-column elementor-col-50 elementor-inner-column elementor-element elementor-element-7666d54\" data-id=\"7666d54\" data-element_type=\"column\">\n\t\t\t<div class=\"elementor-widget-wrap elementor-element-populated\">\n\t\t\t\t\t\t<div class=\"elementor-element elementor-element-8cb8454 elementor-widget elementor-widget-text-editor\" data-id=\"8cb8454\" data-element_type=\"widget\" data-widget_type=\"text-editor.default\">\n\t\t\t\t<div class=\"elementor-widget-container\">\n\t\t\t\t\t\t\t<h4>Firma Historie<\/h4><p>Phasellus pharetra augue sit amet lorem sagittis lacinia. Aliquam auctor lectus sem, et elementum velit viverra at. In a commodo dolor.<\/p><p>Nullam a ex eget erat lacinia laoreet eu non risus. Nulla facilisi. Sed sodales ligula non nibh fermentum pretium. Praesent commodo purus et malesuada accumsan. Nunc faucibus imperdiet vestibulum. Quisque eu urna non arcu ultrices convallis eget eu est. Fusce sit amet con.<\/p>\t\t\t\t\t\t<\/div>\n\t\t\t\t<\/div>\n\t\t\t\t\t<\/div>\n\t\t<\/div>\n\t\t\t\t\t<\/div>\n\t\t<\/section>\n\t\t\t\t\t<\/div>\n\t\t<\/div>\n\t\t\t\t\t<\/div>\n\t\t<\/section>\n\t\t\t\t<section class=\"elementor-section elementor-top-section elementor-element elementor-element-8f7d6ea elementor-section-stretched elementor-section-boxed elementor-section-height-default elementor-section-height-default\" data-id=\"8f7d6ea\" data-element_type=\"section\" data-settings=\"{&quot;stretch_section&quot;:&quot;section-stretched&quot;}\">\n\t\t\t\t\t\t<div class=\"elementor-container elementor-column-gap-wider\">\n\t\t\t\t\t<div class=\"elementor-column elementor-col-100 elementor-top-column elementor-element elementor-element-42bbc9b\" data-id=\"42bbc9b\" data-element_type=\"column\">\n\t\t\t<div class=\"elementor-widget-wrap elementor-element-populated\">\n\t\t\t\t\t\t<div class=\"elementor-element elementor-element-4dc8950 elementor-widget elementor-widget-image\" data-id=\"4dc8950\" data-element_type=\"widget\" data-widget_type=\"image.default\">\n\t\t\t\t<div class=\"elementor-widget-container\">\n\t\t\t\t\t\t\t\t\t\t\t\t\t<img decoding=\"async\" width=\"73\" height=\"59\" src=\"https:\/\/citlak-truckservice.de\/wp-content\/uploads\/2020\/06\/biz3-quotes-1.png\" class=\"attachment-large size-large wp-image-39\" alt=\"\" srcset=\"https:\/\/citlak-truckservice.de\/wp-content\/uploads\/2020\/06\/biz3-quotes-1.png 73w, https:\/\/citlak-truckservice.de\/wp-content\/uploads\/2020\/06\/biz3-quotes-1-50x40.png 50w\" sizes=\"(max-width:767px) 73px, 73px\" \/>\t\t\t\t\t\t\t\t\t\t\t\t\t<\/div>\n\t\t\t\t<\/div>\n\t\t\t\t<div class=\"elementor-element elementor-element-adff754 elementor-widget elementor-widget-mfn_testimonials\" data-id=\"adff754\" data-element_type=\"widget\" data-widget_type=\"mfn_testimonials.default\">\n\t\t\t\t<div class=\"elementor-widget-container\">\n\t\t\t<div class=\"testimonials_slider single-photo hide-photos\"><ul class=\"testimonials_slider_ul\"><li><div class=\"single-photo-img\"><img decoding=\"async\" class=\"scale-with-grid\" src=\"https:\/\/citlak-truckservice.de\/wp-content\/themes\/betheme\/images\/testimonials-placeholder.png\" alt=\"Pamela Grets\" \/><\/div><div class=\"bq_wrapper\"><div class=\"blockquote\"><span class=\"mfn-blockquote-icon\"><i class=\"icon-quote\" aria-hidden=\"true\"><\/i><\/span><blockquote><h5 style=\"font-weight:500;\">Nemo enim ipsam voluptatem quia voluptas sit aspernatur aut odit aut fugit, sed quia consequuntur magni dolores eos qui ratione voluptatem sequi nesciunt eque porro quisqu.<\/h5><\/blockquote><\/div><\/div><div class=\"hr_dots\"><span><\/span><span><\/span><span><\/span><\/div><div class=\"author\"><h5 class=\"title \">Pamela Grets<\/h5><span class=\"company\">Sonus Inc.<\/span><\/div><\/li><li><div class=\"single-photo-img\"><img decoding=\"async\" class=\"scale-with-grid\" src=\"https:\/\/citlak-truckservice.de\/wp-content\/themes\/betheme\/images\/testimonials-placeholder.png\" alt=\"Jenny Banks\" \/><\/div><div class=\"bq_wrapper\"><div class=\"blockquote\"><span class=\"mfn-blockquote-icon\"><i class=\"icon-quote\" aria-hidden=\"true\"><\/i><\/span><blockquote><h5 style=\"font-weight:500;\">Nemo enim ipsam voluptatem quia voluptas sit aspernatur aut odit aut fugit, sed quia consequuntur magni dolores eos qui ratione voluptatem sequi nesciunt eque porro quisqu.<\/h5><\/blockquote><\/div><\/div><div class=\"hr_dots\"><span><\/span><span><\/span><span><\/span><\/div><div class=\"author\"><h5 class=\"title \">Jenny Banks<\/h5><span class=\"company\">Dopel limited<\/span><\/div><\/li><li><div class=\"single-photo-img\"><img decoding=\"async\" class=\"scale-with-grid\" src=\"https:\/\/citlak-truckservice.de\/wp-content\/themes\/betheme\/images\/testimonials-placeholder.png\" alt=\"Rob Mals\" \/><\/div><div class=\"bq_wrapper\"><div class=\"blockquote\"><span class=\"mfn-blockquote-icon\"><i class=\"icon-quote\" aria-hidden=\"true\"><\/i><\/span><blockquote><h5 style=\"font-weight:500;\">Nemo enim ipsam voluptatem quia voluptas sit aspernatur aut odit aut fugit, sed quia consequuntur magni dolores eos qui ratione voluptatem sequi nesciunt eque porro quisqu.<\/h5><\/blockquote><\/div><\/div><div class=\"hr_dots\"><span><\/span><span><\/span><span><\/span><\/div><div class=\"author\"><h5 class=\"title \">Rob Mals<\/h5><span class=\"company\">Grogers<\/span><\/div><\/li><\/ul><div class=\"slider_pager slider_pagination\"><\/div><\/div>\n\t\t<\/div>\n\t\t\t\t<\/div>\n\t\t\t\t\t<\/div>\n\t\t<\/div>\n\t\t\t\t\t<\/div>\n\t\t<\/section>\n\t\t\t\t<section class=\"elementor-section elementor-top-section elementor-element elementor-element-0de8d98 elementor-section-stretched elementor-section-boxed elementor-section-height-default elementor-section-height-default\" data-id=\"0de8d98\" data-element_type=\"section\" data-settings=\"{&quot;stretch_section&quot;:&quot;section-stretched&quot;,&quot;background_background&quot;:&quot;classic&quot;}\">\n\t\t\t\t\t\t<div class=\"elementor-container elementor-column-gap-wider\">\n\t\t\t\t\t<div class=\"elementor-column elementor-col-100 elementor-top-column elementor-element elementor-element-f9c01d2\" data-id=\"f9c01d2\" data-element_type=\"column\">\n\t\t\t<div class=\"elementor-widget-wrap elementor-element-populated\">\n\t\t\t\t\t\t<div class=\"elementor-element elementor-element-14fa65c elementor-widget elementor-widget-text-editor\" data-id=\"14fa65c\" data-element_type=\"widget\" data-widget_type=\"text-editor.default\">\n\t\t\t\t<div class=\"elementor-widget-container\">\n\t\t\t\t\t\t\t<h2>Warum Sie zu uns kommen sollten?<\/h2><p>Eine Meisterwerkstatt f\u00fcr mit einem breiten Spektrum an Leistungen und eine 100% Zufriedenheit unsere Kunden.<\/p>\t\t\t\t\t\t<\/div>\n\t\t\t\t<\/div>\n\t\t\t\t\t<\/div>\n\t\t<\/div>\n\t\t\t\t\t<\/div>\n\t\t<\/section>\n\t\t\t\t<\/div>\n\t\t","protected":false},"excerpt":{"rendered":"<p>\u00dcber uns Ein erfahrenes Team mit viel Erfahrung f\u00fcr Sie! Unser Angebot f\u00fcr Sie Ihr LKW-Werkstatt f\u00fcr Nutzfahrzeuge alle Art Wir f\u00fcr Sie&#8230;. Ihr Nutzfahrzeug ist<span class=\"excerpt-hellip\"> [\u2026]<\/span><\/p>\n","protected":false},"author":1,"featured_media":0,"parent":0,"menu_order":0,"comment_status":"closed","ping_status":"closed","template":"","meta":{"footnotes":""},"class_list":["post-12","page","type-page","status-publish","hentry"],"jetpack_sharing_enabled":true,"_links":{"self":[{"href":"https:\/\/citlak-truckservice.de\/index.php?rest_route=\/wp\/v2\/pages\/12","targetHints":{"allow":["GET"]}}],"collection":[{"href":"https:\/\/citlak-truckservice.de\/index.php?rest_route=\/wp\/v2\/pages"}],"about":[{"href":"https:\/\/citlak-truckservice.de\/index.php?rest_route=\/wp\/v2\/types\/page"}],"author":[{"embeddable":true,"href":"https:\/\/citlak-truckservice.de\/index.php?rest_route=\/wp\/v2\/users\/1"}],"replies":[{"embeddable":true,"href":"https:\/\/citlak-truckservice.de\/index.php?rest_route=%2Fwp%2Fv2%2Fcomments&post=12"}],"version-history":[{"count":4,"href":"https:\/\/citlak-truckservice.de\/index.php?rest_route=\/wp\/v2\/pages\/12\/revisions"}],"predecessor-version":[{"id":924,"href":"https:\/\/citlak-truckservice.de\/index.php?rest_route=\/wp\/v2\/pages\/12\/revisions\/924"}],"wp:attachment":[{"href":"https:\/\/citlak-truckservice.de\/index.php?rest_route=%2Fwp%2Fv2%2Fmedia&parent=12"}],"curies":[{"name":"wp","href":"https:\/\/api.w.org\/{rel}","templated":true}]}}